{"id":1013,"date":"2020-10-02T07:53:11","date_gmt":"2020-10-02T07:53:11","guid":{"rendered":"https:\/\/cirqlarconstruct.com\/?page_id=1013"},"modified":"2020-10-02T09:00:48","modified_gmt":"2020-10-02T09:00:48","slug":"couleurs-du-cirqlar","status":"publish","type":"page","link":"https:\/\/cirqlarconstruct.com\/fr\/couleurs-du-cirqlar\/","title":{"rendered":"Couleurs du Cirqlar"},"content":{"rendered":"\n<style type=\"text\/css\" data-created_by=\"avia_inline_auto\" id=\"style-css-av-kev96ggz-a922b601cc5824a2916f865e093c550a\">\n#top .hr.hr-invisible.av-kev96ggz-a922b601cc5824a2916f865e093c550a{\nheight:90px;\n}\n<\/style>\n<div  class='hr av-kev96ggz-a922b601cc5824a2916f865e093c550a hr-invisible  avia-builder-el-0  el_before_av_section  avia-builder-el-no-sibling  av-medium-hide av-small-hide av-mini-hide'><span class='hr-inner '><span class=\"hr-inner-style\"><\/span><\/span><\/div>\n<\/div><\/div><\/div><!-- close content main div --><\/div><\/div><div id='av_section_1'  class='avia-section av-t49af-edc12a4191aaa7b4bbab5e1b0af21934 main_color avia-section-default avia-no-border-styling  avia-builder-el-1  el_after_av_hr  el_before_av_section  first-section inner-banner avia-bg-style-scroll container_wrap fullsize'  ><div class='container av-section-cont-open' ><div class='template-page content  av-content-full alpha units'><div class='post-entry post-entry-type-page post-entry-1013'><div class='entry-content-wrapper clearfix'>\n\n<style type=\"text\/css\" data-created_by=\"avia_inline_auto\" id=\"style-css-av-kfs0p1f7-8a1961d4be198485b6dc3a66df328e9d\">\n#top .av-special-heading.av-kfs0p1f7-8a1961d4be198485b6dc3a66df328e9d{\npadding-bottom:10px;\n}\nbody .av-special-heading.av-kfs0p1f7-8a1961d4be198485b6dc3a66df328e9d .av-special-heading-tag .heading-char{\nfont-size:25px;\n}\n.av-special-heading.av-kfs0p1f7-8a1961d4be198485b6dc3a66df328e9d .av-subheading{\nfont-size:15px;\n}\n<\/style>\n<div  class='av-special-heading av-kfs0p1f7-8a1961d4be198485b6dc3a66df328e9d av-special-heading-h2 blockquote modern-quote  avia-builder-el-2  el_before_av_hr  avia-builder-el-first '><h2 class='av-special-heading-tag'  itemprop=\"headline\"  >Couleurs du Cirqlar<\/h2><div class=\"special-heading-border\"><div class=\"special-heading-inner-border\"><\/div><\/div><\/div>\n\n<style type=\"text\/css\" data-created_by=\"avia_inline_auto\" id=\"style-css-av-kaywqfqf-7e4bff172e974442d1de6c1122e03ded\">\n#top .hr.hr-invisible.av-kaywqfqf-7e4bff172e974442d1de6c1122e03ded{\nheight:20px;\n}\n<\/style>\n<div  class='hr av-kaywqfqf-7e4bff172e974442d1de6c1122e03ded hr-invisible  avia-builder-el-3  el_after_av_heading  el_before_av_one_half '><span class='hr-inner '><span class=\"hr-inner-style\"><\/span><\/span><\/div>\n\n<style type=\"text\/css\" data-created_by=\"avia_inline_auto\" id=\"style-css-av-bux8f-b8096b53fc5be5bea1e3fbdf59e9f811\">\n.flex_column.av-bux8f-b8096b53fc5be5bea1e3fbdf59e9f811{\n-webkit-border-radius:0px 0px 0px 0px;\n-moz-border-radius:0px 0px 0px 0px;\nborder-radius:0px 0px 0px 0px;\npadding:0px 0px 0px 0px;\n}\n<\/style>\n<div class='flex_column av-bux8f-b8096b53fc5be5bea1e3fbdf59e9f811 av_one_half  avia-builder-el-4  el_after_av_hr  el_before_av_one_half  first flex_column_div av-zero-column-padding '     ><style type=\"text\/css\" data-created_by=\"avia_inline_auto\" id=\"style-css-av-kevay3gs-224b8a726c0ecca0f8425f54acdbf667\">\n.avia-image-container.av-kevay3gs-224b8a726c0ecca0f8425f54acdbf667 img.avia_image{\nbox-shadow:none;\n}\n.avia-image-container.av-kevay3gs-224b8a726c0ecca0f8425f54acdbf667 .av-image-caption-overlay-center{\ncolor:#ffffff;\n}\n<\/style>\n<div  class='avia-image-container av-kevay3gs-224b8a726c0ecca0f8425f54acdbf667 av-styling- avia-align-center  avia-builder-el-5  avia-builder-el-no-sibling '   itemprop=\"image\" itemscope=\"itemscope\" itemtype=\"https:\/\/schema.org\/ImageObject\" ><div class=\"avia-image-container-inner\"><div class=\"avia-image-overlay-wrap\"><img class='wp-image-674 avia-img-lazy-loading-not-674 avia_image ' src='https:\/\/cirqlarconstruct.com\/wp-content\/uploads\/2020\/09\/unnamed-9-945x1030-1.jpg' alt='' title='unnamed-9-945x1030'  height=\"388\" width=\"945\"  itemprop=\"thumbnailUrl\"  \/><\/div><\/div><\/div><\/div>\n<style type=\"text\/css\" data-created_by=\"avia_inline_auto\" id=\"style-css-av-bux8f-fce2e9e0b96f75ef97224771fbc0cf2f\">\n.flex_column.av-bux8f-fce2e9e0b96f75ef97224771fbc0cf2f{\n-webkit-border-radius:0px 0px 0px 0px;\n-moz-border-radius:0px 0px 0px 0px;\nborder-radius:0px 0px 0px 0px;\npadding:0px 0px 0px 0px;\n}\n<\/style>\n<div class='flex_column av-bux8f-fce2e9e0b96f75ef97224771fbc0cf2f av_one_half  avia-builder-el-6  el_after_av_one_half  avia-builder-el-last  flex_column_div av-zero-column-padding '     ><style type=\"text\/css\" data-created_by=\"avia_inline_auto\" id=\"style-css-av-kevay3gs-c6a9a6fec5ce35220b10eab837adba6f\">\n.avia-image-container.av-kevay3gs-c6a9a6fec5ce35220b10eab837adba6f img.avia_image{\nbox-shadow:none;\n}\n.avia-image-container.av-kevay3gs-c6a9a6fec5ce35220b10eab837adba6f .av-image-caption-overlay-center{\ncolor:#ffffff;\n}\n<\/style>\n<div  class='avia-image-container av-kevay3gs-c6a9a6fec5ce35220b10eab837adba6f av-styling- avia-align-center  avia-builder-el-7  avia-builder-el-no-sibling '   itemprop=\"image\" itemscope=\"itemscope\" itemtype=\"https:\/\/schema.org\/ImageObject\" ><div class=\"avia-image-container-inner\"><div class=\"avia-image-overlay-wrap\"><img class='wp-image-673 avia-img-lazy-loading-not-673 avia_image ' src='https:\/\/cirqlarconstruct.com\/wp-content\/uploads\/2020\/09\/foto2.jpg' alt='' title='foto2'  height=\"550\" width=\"945\"  itemprop=\"thumbnailUrl\"  \/><\/div><\/div><\/div><\/div><\/div><\/div><\/div><!-- close content main div --><\/div><\/div><div id='av_section_2'  class='avia-section av-mc35z-d23474f5a329c38ea977ce8673fe0c91 main_color avia-section-default avia-no-border-styling  avia-builder-el-8  el_after_av_section  avia-builder-el-last  avia-bg-style-scroll container_wrap fullsize'  ><div class='container av-section-cont-open' ><div class='template-page content  av-content-full alpha units'><div class='post-entry post-entry-type-page post-entry-1013'><div class='entry-content-wrapper clearfix'>\n\n<style type=\"text\/css\" data-created_by=\"avia_inline_auto\" id=\"style-css-av-dt50f-77a81358bad34be10ea4fd0668b48eb0\">\n.flex_column.av-dt50f-77a81358bad34be10ea4fd0668b48eb0{\n-webkit-border-radius:0px 0px 0px 0px;\n-moz-border-radius:0px 0px 0px 0px;\nborder-radius:0px 0px 0px 0px;\npadding:0 0 0 0;\nbackground-color:#3a8f63;\n}\n<\/style>\n<div class='flex_column av-dt50f-77a81358bad34be10ea4fd0668b48eb0 av_one_full  avia-builder-el-9  avia-builder-el-no-sibling  green_bg first flex_column_div av-zero-column-padding '     ><style type=\"text\/css\" data-created_by=\"avia_inline_auto\" id=\"style-css-av-kaywkrot-2fb503152322c3ae315461a14f836334\">\n#top .av_textblock_section.av-kaywkrot-2fb503152322c3ae315461a14f836334 .avia_textblock{\nfont-size:18px;\ncolor:#ffffff;\n}\n\n@media only screen and (min-width: 768px) and (max-width: 989px){ \n#top .av_textblock_section.av-kaywkrot-2fb503152322c3ae315461a14f836334 .avia_textblock{\nfont-size:18px;\n}\n}\n\n@media only screen and (min-width: 480px) and (max-width: 767px){ \n#top .av_textblock_section.av-kaywkrot-2fb503152322c3ae315461a14f836334 .avia_textblock{\nfont-size:18px;\n}\n}\n\n@media only screen and (max-width: 479px){ \n#top .av_textblock_section.av-kaywkrot-2fb503152322c3ae315461a14f836334 .avia_textblock{\nfont-size:18px;\n}\n}\n<\/style>\n<section  class='av_textblock_section av-kaywkrot-2fb503152322c3ae315461a14f836334'  itemscope=\"itemscope\" itemtype=\"https:\/\/schema.org\/CreativeWork\" ><div class='avia_textblock li50 av_inherit_color'  itemprop=\"text\" ><p>Les couleurs cr\u00e9ent l&rsquo;ambiance et suscitent des \u00e9motions. C&rsquo;est pourquoi Resysta attache une grande importance \u00e0 offrir autant de choix et de possibilit\u00e9s que possible sur le plan cr\u00e9atif. Les gla\u00e7ures, les vernis et les huiles de Resysta offrent non seulement une grande vari\u00e9t\u00e9 de couleurs, mais affinent \u00e9galement le mat\u00e9riau de base en augmentant sa r\u00e9sistance de surface.<\/p>\n<\/div><\/section><\/div><\/p>\n","protected":false},"excerpt":{"rendered":"","protected":false},"author":1,"featured_media":0,"parent":0,"menu_order":18,"comment_status":"closed","ping_status":"closed","template":"","meta":{"footnotes":""},"class_list":["post-1013","page","type-page","status-publish","hentry"],"yoast_head":"<!-- This site is optimized with the Yoast SEO plugin v27.4 - https:\/\/yoast.com\/product\/yoast-seo-wordpress\/ -->\n<title>Couleurs du Cirqlar - Cirqlar<\/title>\n<meta name=\"robots\" content=\"index, follow, max-snippet:-1, max-image-preview:large, max-video-preview:-1\" \/>\n<link rel=\"canonical\" href=\"https:\/\/cirqlarconstruct.com\/fr\/couleurs-du-cirqlar\/\" \/>\n<meta property=\"og:locale\" content=\"fr_FR\" \/>\n<meta property=\"og:type\" content=\"article\" \/>\n<meta property=\"og:title\" content=\"Couleurs du Cirqlar - Cirqlar\" \/>\n<meta property=\"og:url\" content=\"https:\/\/cirqlarconstruct.com\/fr\/couleurs-du-cirqlar\/\" \/>\n<meta property=\"og:site_name\" content=\"Cirqlar\" \/>\n<meta property=\"article:modified_time\" content=\"2020-10-02T09:00:48+00:00\" \/>\n<meta name=\"twitter:card\" content=\"summary_large_image\" \/>\n<meta name=\"twitter:label1\" content=\"Dur\u00e9e de lecture estim\u00e9e\" \/>\n\t<meta name=\"twitter:data1\" content=\"5 minutes\" \/>\n<script type=\"application\/ld+json\" class=\"yoast-schema-graph\">{\"@context\":\"https:\\\/\\\/schema.org\",\"@graph\":[{\"@type\":\"WebPage\",\"@id\":\"https:\\\/\\\/cirqlarconstruct.com\\\/fr\\\/couleurs-du-cirqlar\\\/\",\"url\":\"https:\\\/\\\/cirqlarconstruct.com\\\/fr\\\/couleurs-du-cirqlar\\\/\",\"name\":\"Couleurs du Cirqlar - Cirqlar\",\"isPartOf\":{\"@id\":\"https:\\\/\\\/cirqlarconstruct.com\\\/fr\\\/#website\"},\"datePublished\":\"2020-10-02T07:53:11+00:00\",\"dateModified\":\"2020-10-02T09:00:48+00:00\",\"breadcrumb\":{\"@id\":\"https:\\\/\\\/cirqlarconstruct.com\\\/fr\\\/couleurs-du-cirqlar\\\/#breadcrumb\"},\"inLanguage\":\"fr-FR\",\"potentialAction\":[{\"@type\":\"ReadAction\",\"target\":[\"https:\\\/\\\/cirqlarconstruct.com\\\/fr\\\/couleurs-du-cirqlar\\\/\"]}]},{\"@type\":\"BreadcrumbList\",\"@id\":\"https:\\\/\\\/cirqlarconstruct.com\\\/fr\\\/couleurs-du-cirqlar\\\/#breadcrumb\",\"itemListElement\":[{\"@type\":\"ListItem\",\"position\":1,\"name\":\"Home\",\"item\":\"https:\\\/\\\/cirqlarconstruct.com\\\/fr\\\/\"},{\"@type\":\"ListItem\",\"position\":2,\"name\":\"Couleurs du Cirqlar\"}]},{\"@type\":\"WebSite\",\"@id\":\"https:\\\/\\\/cirqlarconstruct.com\\\/fr\\\/#website\",\"url\":\"https:\\\/\\\/cirqlarconstruct.com\\\/fr\\\/\",\"name\":\"Cirqlar\",\"description\":\"\",\"potentialAction\":[{\"@type\":\"SearchAction\",\"target\":{\"@type\":\"EntryPoint\",\"urlTemplate\":\"https:\\\/\\\/cirqlarconstruct.com\\\/fr\\\/?s={search_term_string}\"},\"query-input\":{\"@type\":\"PropertyValueSpecification\",\"valueRequired\":true,\"valueName\":\"search_term_string\"}}],\"inLanguage\":\"fr-FR\"}]}<\/script>\n<!-- \/ Yoast SEO plugin. -->","yoast_head_json":{"title":"Couleurs du Cirqlar - Cirqlar","robots":{"index":"index","follow":"follow","max-snippet":"max-snippet:-1","max-image-preview":"max-image-preview:large","max-video-preview":"max-video-preview:-1"},"canonical":"https:\/\/cirqlarconstruct.com\/fr\/couleurs-du-cirqlar\/","og_locale":"fr_FR","og_type":"article","og_title":"Couleurs du Cirqlar - Cirqlar","og_url":"https:\/\/cirqlarconstruct.com\/fr\/couleurs-du-cirqlar\/","og_site_name":"Cirqlar","article_modified_time":"2020-10-02T09:00:48+00:00","twitter_card":"summary_large_image","twitter_misc":{"Dur\u00e9e de lecture estim\u00e9e":"5 minutes"},"schema":{"@context":"https:\/\/schema.org","@graph":[{"@type":"WebPage","@id":"https:\/\/cirqlarconstruct.com\/fr\/couleurs-du-cirqlar\/","url":"https:\/\/cirqlarconstruct.com\/fr\/couleurs-du-cirqlar\/","name":"Couleurs du Cirqlar - Cirqlar","isPartOf":{"@id":"https:\/\/cirqlarconstruct.com\/fr\/#website"},"datePublished":"2020-10-02T07:53:11+00:00","dateModified":"2020-10-02T09:00:48+00:00","breadcrumb":{"@id":"https:\/\/cirqlarconstruct.com\/fr\/couleurs-du-cirqlar\/#breadcrumb"},"inLanguage":"fr-FR","potentialAction":[{"@type":"ReadAction","target":["https:\/\/cirqlarconstruct.com\/fr\/couleurs-du-cirqlar\/"]}]},{"@type":"BreadcrumbList","@id":"https:\/\/cirqlarconstruct.com\/fr\/couleurs-du-cirqlar\/#breadcrumb","itemListElement":[{"@type":"ListItem","position":1,"name":"Home","item":"https:\/\/cirqlarconstruct.com\/fr\/"},{"@type":"ListItem","position":2,"name":"Couleurs du Cirqlar"}]},{"@type":"WebSite","@id":"https:\/\/cirqlarconstruct.com\/fr\/#website","url":"https:\/\/cirqlarconstruct.com\/fr\/","name":"Cirqlar","description":"","potentialAction":[{"@type":"SearchAction","target":{"@type":"EntryPoint","urlTemplate":"https:\/\/cirqlarconstruct.com\/fr\/?s={search_term_string}"},"query-input":{"@type":"PropertyValueSpecification","valueRequired":true,"valueName":"search_term_string"}}],"inLanguage":"fr-FR"}]}},"_links":{"self":[{"href":"https:\/\/cirqlarconstruct.com\/fr\/wp-json\/wp\/v2\/pages\/1013","targetHints":{"allow":["GET"]}}],"collection":[{"href":"https:\/\/cirqlarconstruct.com\/fr\/wp-json\/wp\/v2\/pages"}],"about":[{"href":"https:\/\/cirqlarconstruct.com\/fr\/wp-json\/wp\/v2\/types\/page"}],"author":[{"embeddable":true,"href":"https:\/\/cirqlarconstruct.com\/fr\/wp-json\/wp\/v2\/users\/1"}],"replies":[{"embeddable":true,"href":"https:\/\/cirqlarconstruct.com\/fr\/wp-json\/wp\/v2\/comments?post=1013"}],"version-history":[{"count":3,"href":"https:\/\/cirqlarconstruct.com\/fr\/wp-json\/wp\/v2\/pages\/1013\/revisions"}],"predecessor-version":[{"id":1273,"href":"https:\/\/cirqlarconstruct.com\/fr\/wp-json\/wp\/v2\/pages\/1013\/revisions\/1273"}],"wp:attachment":[{"href":"https:\/\/cirqlarconstruct.com\/fr\/wp-json\/wp\/v2\/media?parent=1013"}],"curies":[{"name":"wp","href":"https:\/\/api.w.org\/{rel}","templated":true}]}}