{"id":954,"date":"2020-10-02T07:48:56","date_gmt":"2020-10-02T07:48:56","guid":{"rendered":"https:\/\/cirqlarconstruct.com\/?page_id=954"},"modified":"2020-10-02T09:16:39","modified_gmt":"2020-10-02T09:16:39","slug":"cirqlar-made-of-resysta","status":"publish","type":"page","link":"https:\/\/cirqlarconstruct.com\/de\/cirqlar-made-of-resysta\/","title":{"rendered":"Cirqlar made of Resysta"},"content":{"rendered":"\n<style type=\"text\/css\" data-created_by=\"avia_inline_auto\" id=\"style-css-av-kev96ggz-a922b601cc5824a2916f865e093c550a\">\n#top .hr.hr-invisible.av-kev96ggz-a922b601cc5824a2916f865e093c550a{\nheight:90px;\n}\n<\/style>\n<div  class='hr av-kev96ggz-a922b601cc5824a2916f865e093c550a hr-invisible  avia-builder-el-0  el_before_av_section  avia-builder-el-no-sibling  av-medium-hide av-small-hide av-mini-hide'><span class='hr-inner '><span class=\"hr-inner-style\"><\/span><\/span><\/div>\n<\/div><\/div><\/div><!-- close content main div --><\/div><\/div><div id='av_section_1'  class='avia-section av-t49af-edc12a4191aaa7b4bbab5e1b0af21934 main_color avia-section-default avia-no-border-styling  avia-builder-el-1  el_after_av_hr  el_before_av_slideshow_full  first-section inner-banner avia-bg-style-scroll container_wrap fullsize'  ><div class='container av-section-cont-open' ><div class='template-page content  av-content-full alpha units'><div class='post-entry post-entry-type-page post-entry-954'><div class='entry-content-wrapper clearfix'>\n\n<style type=\"text\/css\" data-created_by=\"avia_inline_auto\" id=\"style-css-av-a27rb-66b99de949876b95f5b303b59d23ecf3\">\n#top .av-special-heading.av-a27rb-66b99de949876b95f5b303b59d23ecf3{\npadding-bottom:10px;\n}\nbody .av-special-heading.av-a27rb-66b99de949876b95f5b303b59d23ecf3 .av-special-heading-tag .heading-char{\nfont-size:25px;\n}\n.av-special-heading.av-a27rb-66b99de949876b95f5b303b59d23ecf3 .av-subheading{\nfont-size:15px;\n}\n<\/style>\n<div  class='av-special-heading av-a27rb-66b99de949876b95f5b303b59d23ecf3 av-special-heading-h2 blockquote modern-quote  avia-builder-el-2  el_before_av_hr  avia-builder-el-first '><h2 class='av-special-heading-tag'  itemprop=\"headline\"  >Cirqlar made of Resysta<\/h2><div class=\"special-heading-border\"><div class=\"special-heading-inner-border\"><\/div><\/div><\/div>\n\n<style type=\"text\/css\" data-created_by=\"avia_inline_auto\" id=\"style-css-av-kaywqfqf-7e4bff172e974442d1de6c1122e03ded\">\n#top .hr.hr-invisible.av-kaywqfqf-7e4bff172e974442d1de6c1122e03ded{\nheight:20px;\n}\n<\/style>\n<div  class='hr av-kaywqfqf-7e4bff172e974442d1de6c1122e03ded hr-invisible  avia-builder-el-3  el_after_av_heading  el_before_av_image '><span class='hr-inner '><span class=\"hr-inner-style\"><\/span><\/span><\/div>\n\n<style type=\"text\/css\" data-created_by=\"avia_inline_auto\" id=\"style-css-av-kaywezjb-71b6f410d5abd0c8cd04c6161cc25f98\">\n.avia-image-container.av-kaywezjb-71b6f410d5abd0c8cd04c6161cc25f98 img.avia_image{\nbox-shadow:none;\n}\n.avia-image-container.av-kaywezjb-71b6f410d5abd0c8cd04c6161cc25f98 .av-image-caption-overlay-center{\ncolor:#ffffff;\n}\n<\/style>\n<div  class='avia-image-container av-kaywezjb-71b6f410d5abd0c8cd04c6161cc25f98 av-styling- avia-align-center  avia-builder-el-4  el_after_av_hr  avia-builder-el-last  av-mini-hide'   itemprop=\"image\" itemscope=\"itemscope\" itemtype=\"https:\/\/schema.org\/ImageObject\" ><div class=\"avia-image-container-inner\"><div class=\"avia-image-overlay-wrap\"><img class='wp-image-785 avia-img-lazy-loading-not-785 avia_image ' src='https:\/\/cirqlarconstruct.com\/wp-content\/uploads\/2020\/09\/resysta.jpg' alt='' title='resysta'  height=\"437\" width=\"1494\"  itemprop=\"thumbnailUrl\"  \/><\/div><\/div><\/div>\n\n<\/div><\/div><\/div><!-- close content main div --><\/div><\/div><div id='full_slider_1'  class='avia-fullwidth-slider main_color avia-shadow av-desktop-hide av-medium-hide av-small-hide  avia-builder-el-5  el_after_av_section  el_before_av_section   slider-not-first container_wrap fullsize'  ><div  class='avia-slideshow av-kf2k0mgg-890b580b1b5f2db06ed85ed43422b697 avia-slideshow-featured av_slideshow_full avia-slide-slider av-desktop-hide av-medium-hide av-small-hide av-slideshow-ui av-control-default av-slideshow-manual av-loop-once av-loop-manual-endless av-default-height-applied   avia-slideshow-1' data-slideshow-options=\"{&quot;animation&quot;:&quot;slide&quot;,&quot;autoplay&quot;:false,&quot;loop_autoplay&quot;:&quot;once&quot;,&quot;interval&quot;:5,&quot;loop_manual&quot;:&quot;manual-endless&quot;,&quot;autoplay_stopper&quot;:false,&quot;noNavigation&quot;:false,&quot;bg_slider&quot;:false,&quot;keep_padding&quot;:false,&quot;hoverpause&quot;:false,&quot;show_slide_delay&quot;:0}\"  itemprop=\"image\" itemscope=\"itemscope\" itemtype=\"https:\/\/schema.org\/ImageObject\" ><ul class='avia-slideshow-inner ' style='padding-bottom: 80.808080808081%;'><li  class='avia-slideshow-slide av-kf2k0mgg-890b580b1b5f2db06ed85ed43422b697__0  av-single-slide slide-1 slide-odd'><div data-rel='slideshow-1' class='avia-slide-wrap '   ><img class=\"wp-image-1381 avia-img-lazy-loading-not-1381\"  src='https:\/\/cirqlarconstruct.com\/wp-content\/uploads\/2020\/09\/DSC_0126-495x400-1.jpg' width='495' height='400' title='6' alt=''  itemprop=\"thumbnailUrl\"  style='min-height:450px; min-width:557px; ' \/><\/div><\/li><\/ul><\/div><\/div>\n<div id='av_section_2'  class='avia-section av-mc35z-d23474f5a329c38ea977ce8673fe0c91 main_color avia-section-default avia-no-border-styling  avia-builder-el-6  el_after_av_slideshow_full  avia-builder-el-last  avia-bg-style-scroll container_wrap fullsize'  ><div class='container av-section-cont-open' ><div class='template-page content  av-content-full alpha units'><div class='post-entry post-entry-type-page post-entry-954'><div class='entry-content-wrapper clearfix'>\n\n<style type=\"text\/css\" data-created_by=\"avia_inline_auto\" id=\"style-css-av-dt50f-77a81358bad34be10ea4fd0668b48eb0\">\n.flex_column.av-dt50f-77a81358bad34be10ea4fd0668b48eb0{\n-webkit-border-radius:0px 0px 0px 0px;\n-moz-border-radius:0px 0px 0px 0px;\nborder-radius:0px 0px 0px 0px;\npadding:0 0 0 0;\nbackground-color:#3a8f63;\n}\n<\/style>\n<div class='flex_column av-dt50f-77a81358bad34be10ea4fd0668b48eb0 av_one_full  avia-builder-el-7  avia-builder-el-no-sibling  green_bg first flex_column_div av-zero-column-padding '     ><style type=\"text\/css\" data-created_by=\"avia_inline_auto\" id=\"style-css-av-kaywkrot-2fb503152322c3ae315461a14f836334\">\n#top .av_textblock_section.av-kaywkrot-2fb503152322c3ae315461a14f836334 .avia_textblock{\nfont-size:18px;\ncolor:#ffffff;\n}\n\n@media only screen and (min-width: 768px) and (max-width: 989px){ \n#top .av_textblock_section.av-kaywkrot-2fb503152322c3ae315461a14f836334 .avia_textblock{\nfont-size:18px;\n}\n}\n\n@media only screen and (min-width: 480px) and (max-width: 767px){ \n#top .av_textblock_section.av-kaywkrot-2fb503152322c3ae315461a14f836334 .avia_textblock{\nfont-size:18px;\n}\n}\n\n@media only screen and (max-width: 479px){ \n#top .av_textblock_section.av-kaywkrot-2fb503152322c3ae315461a14f836334 .avia_textblock{\nfont-size:18px;\n}\n}\n<\/style>\n<section  class='av_textblock_section av-kaywkrot-2fb503152322c3ae315461a14f836334'  itemscope=\"itemscope\" itemtype=\"https:\/\/schema.org\/CreativeWork\" ><div class='avia_textblock li50 av_inherit_color'  itemprop=\"text\" ><p>Produkte aus Cirqlar haben die Optik und Haptik von nat\u00fcrlichem Tropenholz. Sie k\u00f6nnen dennoch wesentlich mehr als das Regenwald-Original: Sie sind absolut wasser- und wetterfest, UV-best\u00e4ndig, bilden keine Risse und sind zu 100% recycelbar. Aufgrund der zahlreichen M\u00f6glichkeiten in der Verarbeitung, lassen sich daraus die vielf\u00e4ltigsten Produkte herstellen \u2013 von der wetterfesten Terrassendiele \u00fcber wetterfeste Gartenm\u00f6bel bis hin zu witterungsbest\u00e4ndigen Fassaden. Lassen Sie sich hier inspirieren und erfahren Sie mehr \u00fcber Cirqlar.<\/p>\n<\/div><\/section><\/div>\n","protected":false},"excerpt":{"rendered":"","protected":false},"author":1,"featured_media":0,"parent":0,"menu_order":9,"comment_status":"closed","ping_status":"closed","template":"","meta":{"footnotes":""},"class_list":["post-954","page","type-page","status-publish","hentry"],"yoast_head":"<!-- This site is optimized with the Yoast SEO plugin v27.5 - https:\/\/yoast.com\/product\/yoast-seo-wordpress\/ -->\n<title>Cirqlar made of Resysta - Cirqlar<\/title>\n<meta name=\"robots\" content=\"index, follow, max-snippet:-1, max-image-preview:large, max-video-preview:-1\" \/>\n<link rel=\"canonical\" href=\"https:\/\/cirqlarconstruct.com\/de\/cirqlar-made-of-resysta\/\" \/>\n<meta property=\"og:locale\" content=\"de_DE\" \/>\n<meta property=\"og:type\" content=\"article\" \/>\n<meta property=\"og:title\" content=\"Cirqlar made of Resysta - Cirqlar\" \/>\n<meta property=\"og:url\" content=\"https:\/\/cirqlarconstruct.com\/de\/cirqlar-made-of-resysta\/\" \/>\n<meta property=\"og:site_name\" content=\"Cirqlar\" \/>\n<meta property=\"article:modified_time\" content=\"2020-10-02T09:16:39+00:00\" \/>\n<meta name=\"twitter:card\" content=\"summary_large_image\" \/>\n<meta name=\"twitter:label1\" content=\"Gesch\u00e4tzte Lesezeit\" \/>\n\t<meta name=\"twitter:data1\" content=\"4\u00a0Minuten\" \/>\n<script type=\"application\/ld+json\" class=\"yoast-schema-graph\">{\"@context\":\"https:\\\/\\\/schema.org\",\"@graph\":[{\"@type\":\"WebPage\",\"@id\":\"https:\\\/\\\/cirqlarconstruct.com\\\/de\\\/cirqlar-made-of-resysta\\\/\",\"url\":\"https:\\\/\\\/cirqlarconstruct.com\\\/de\\\/cirqlar-made-of-resysta\\\/\",\"name\":\"Cirqlar made of Resysta - Cirqlar\",\"isPartOf\":{\"@id\":\"https:\\\/\\\/cirqlarconstruct.com\\\/de\\\/#website\"},\"datePublished\":\"2020-10-02T07:48:56+00:00\",\"dateModified\":\"2020-10-02T09:16:39+00:00\",\"breadcrumb\":{\"@id\":\"https:\\\/\\\/cirqlarconstruct.com\\\/de\\\/cirqlar-made-of-resysta\\\/#breadcrumb\"},\"inLanguage\":\"de\",\"potentialAction\":[{\"@type\":\"ReadAction\",\"target\":[\"https:\\\/\\\/cirqlarconstruct.com\\\/de\\\/cirqlar-made-of-resysta\\\/\"]}]},{\"@type\":\"BreadcrumbList\",\"@id\":\"https:\\\/\\\/cirqlarconstruct.com\\\/de\\\/cirqlar-made-of-resysta\\\/#breadcrumb\",\"itemListElement\":[{\"@type\":\"ListItem\",\"position\":1,\"name\":\"Home\",\"item\":\"https:\\\/\\\/cirqlarconstruct.com\\\/de\\\/\"},{\"@type\":\"ListItem\",\"position\":2,\"name\":\"Cirqlar made of Resysta\"}]},{\"@type\":\"WebSite\",\"@id\":\"https:\\\/\\\/cirqlarconstruct.com\\\/de\\\/#website\",\"url\":\"https:\\\/\\\/cirqlarconstruct.com\\\/de\\\/\",\"name\":\"Cirqlar\",\"description\":\"\",\"potentialAction\":[{\"@type\":\"SearchAction\",\"target\":{\"@type\":\"EntryPoint\",\"urlTemplate\":\"https:\\\/\\\/cirqlarconstruct.com\\\/de\\\/?s={search_term_string}\"},\"query-input\":{\"@type\":\"PropertyValueSpecification\",\"valueRequired\":true,\"valueName\":\"search_term_string\"}}],\"inLanguage\":\"de\"}]}<\/script>\n<!-- \/ Yoast SEO plugin. -->","yoast_head_json":{"title":"Cirqlar made of Resysta - Cirqlar","robots":{"index":"index","follow":"follow","max-snippet":"max-snippet:-1","max-image-preview":"max-image-preview:large","max-video-preview":"max-video-preview:-1"},"canonical":"https:\/\/cirqlarconstruct.com\/de\/cirqlar-made-of-resysta\/","og_locale":"de_DE","og_type":"article","og_title":"Cirqlar made of Resysta - Cirqlar","og_url":"https:\/\/cirqlarconstruct.com\/de\/cirqlar-made-of-resysta\/","og_site_name":"Cirqlar","article_modified_time":"2020-10-02T09:16:39+00:00","twitter_card":"summary_large_image","twitter_misc":{"Gesch\u00e4tzte Lesezeit":"4\u00a0Minuten"},"schema":{"@context":"https:\/\/schema.org","@graph":[{"@type":"WebPage","@id":"https:\/\/cirqlarconstruct.com\/de\/cirqlar-made-of-resysta\/","url":"https:\/\/cirqlarconstruct.com\/de\/cirqlar-made-of-resysta\/","name":"Cirqlar made of Resysta - Cirqlar","isPartOf":{"@id":"https:\/\/cirqlarconstruct.com\/de\/#website"},"datePublished":"2020-10-02T07:48:56+00:00","dateModified":"2020-10-02T09:16:39+00:00","breadcrumb":{"@id":"https:\/\/cirqlarconstruct.com\/de\/cirqlar-made-of-resysta\/#breadcrumb"},"inLanguage":"de","potentialAction":[{"@type":"ReadAction","target":["https:\/\/cirqlarconstruct.com\/de\/cirqlar-made-of-resysta\/"]}]},{"@type":"BreadcrumbList","@id":"https:\/\/cirqlarconstruct.com\/de\/cirqlar-made-of-resysta\/#breadcrumb","itemListElement":[{"@type":"ListItem","position":1,"name":"Home","item":"https:\/\/cirqlarconstruct.com\/de\/"},{"@type":"ListItem","position":2,"name":"Cirqlar made of Resysta"}]},{"@type":"WebSite","@id":"https:\/\/cirqlarconstruct.com\/de\/#website","url":"https:\/\/cirqlarconstruct.com\/de\/","name":"Cirqlar","description":"","potentialAction":[{"@type":"SearchAction","target":{"@type":"EntryPoint","urlTemplate":"https:\/\/cirqlarconstruct.com\/de\/?s={search_term_string}"},"query-input":{"@type":"PropertyValueSpecification","valueRequired":true,"valueName":"search_term_string"}}],"inLanguage":"de"}]}},"_links":{"self":[{"href":"https:\/\/cirqlarconstruct.com\/de\/wp-json\/wp\/v2\/pages\/954","targetHints":{"allow":["GET"]}}],"collection":[{"href":"https:\/\/cirqlarconstruct.com\/de\/wp-json\/wp\/v2\/pages"}],"about":[{"href":"https:\/\/cirqlarconstruct.com\/de\/wp-json\/wp\/v2\/types\/page"}],"author":[{"embeddable":true,"href":"https:\/\/cirqlarconstruct.com\/de\/wp-json\/wp\/v2\/users\/1"}],"replies":[{"embeddable":true,"href":"https:\/\/cirqlarconstruct.com\/de\/wp-json\/wp\/v2\/comments?post=954"}],"version-history":[{"count":4,"href":"https:\/\/cirqlarconstruct.com\/de\/wp-json\/wp\/v2\/pages\/954\/revisions"}],"predecessor-version":[{"id":1288,"href":"https:\/\/cirqlarconstruct.com\/de\/wp-json\/wp\/v2\/pages\/954\/revisions\/1288"}],"wp:attachment":[{"href":"https:\/\/cirqlarconstruct.com\/de\/wp-json\/wp\/v2\/media?parent=954"}],"curies":[{"name":"wp","href":"https:\/\/api.w.org\/{rel}","templated":true}]}}