{"id":1034,"date":"2020-10-02T07:55:30","date_gmt":"2020-10-02T07:55:30","guid":{"rendered":"https:\/\/cirqlarconstruct.com\/?page_id=1034"},"modified":"2020-10-02T09:20:29","modified_gmt":"2020-10-02T09:20:29","slug":"zaun-und-oeffentliche-raeume","status":"publish","type":"page","link":"https:\/\/cirqlarconstruct.com\/de\/zaun-und-oeffentliche-raeume\/","title":{"rendered":"Zaun und \u00f6ffentliche R\u00e4ume"},"content":{"rendered":"\n<style type=\"text\/css\" data-created_by=\"avia_inline_auto\" id=\"style-css-av-kev96ggz-a922b601cc5824a2916f865e093c550a\">\n#top .hr.hr-invisible.av-kev96ggz-a922b601cc5824a2916f865e093c550a{\nheight:90px;\n}\n<\/style>\n<div  class='hr av-kev96ggz-a922b601cc5824a2916f865e093c550a hr-invisible  avia-builder-el-0  el_before_av_section  avia-builder-el-no-sibling  av-medium-hide av-small-hide av-mini-hide'><span class='hr-inner '><span class=\"hr-inner-style\"><\/span><\/span><\/div>\n<\/div><\/div><\/div><!-- close content main div --><\/div><\/div><div id='av_section_1'  class='avia-section av-t49af-edc12a4191aaa7b4bbab5e1b0af21934 main_color avia-section-default avia-no-border-styling  avia-builder-el-1  el_after_av_hr  el_before_av_slideshow_full  first-section inner-banner avia-bg-style-scroll container_wrap fullsize'  ><div class='container av-section-cont-open' ><div class='template-page content  av-content-full alpha units'><div class='post-entry post-entry-type-page post-entry-1034'><div class='entry-content-wrapper clearfix'>\n\n<style type=\"text\/css\" data-created_by=\"avia_inline_auto\" id=\"style-css-av-kfs1eao9-ce75da9dbc78bd44236a4ad76456aee6\">\n#top .av-special-heading.av-kfs1eao9-ce75da9dbc78bd44236a4ad76456aee6{\npadding-bottom:10px;\n}\nbody .av-special-heading.av-kfs1eao9-ce75da9dbc78bd44236a4ad76456aee6 .av-special-heading-tag .heading-char{\nfont-size:25px;\n}\n.av-special-heading.av-kfs1eao9-ce75da9dbc78bd44236a4ad76456aee6 .av-subheading{\nfont-size:15px;\n}\n<\/style>\n<div  class='av-special-heading av-kfs1eao9-ce75da9dbc78bd44236a4ad76456aee6 av-special-heading-h2 blockquote modern-quote  avia-builder-el-2  el_before_av_hr  avia-builder-el-first '><h2 class='av-special-heading-tag'  itemprop=\"headline\"  >Zaun und \u00f6ffentliche R\u00e4ume<\/h2><div class=\"special-heading-border\"><div class=\"special-heading-inner-border\"><\/div><\/div><\/div>\n\n<style type=\"text\/css\" data-created_by=\"avia_inline_auto\" id=\"style-css-av-kaywqfqf-7e4bff172e974442d1de6c1122e03ded\">\n#top .hr.hr-invisible.av-kaywqfqf-7e4bff172e974442d1de6c1122e03ded{\nheight:20px;\n}\n<\/style>\n<div  class='hr av-kaywqfqf-7e4bff172e974442d1de6c1122e03ded hr-invisible  avia-builder-el-3  el_after_av_heading  el_before_av_image '><span class='hr-inner '><span class=\"hr-inner-style\"><\/span><\/span><\/div>\n\n<style type=\"text\/css\" data-created_by=\"avia_inline_auto\" id=\"style-css-av-kaywezjb-d07b7613b6e6d86e8cf4e09e8a4569e5\">\n.avia-image-container.av-kaywezjb-d07b7613b6e6d86e8cf4e09e8a4569e5 img.avia_image{\nbox-shadow:none;\n}\n.avia-image-container.av-kaywezjb-d07b7613b6e6d86e8cf4e09e8a4569e5 .av-image-caption-overlay-center{\ncolor:#ffffff;\n}\n<\/style>\n<div  class='avia-image-container av-kaywezjb-d07b7613b6e6d86e8cf4e09e8a4569e5 av-styling- avia-align-center  avia-builder-el-4  el_after_av_hr  avia-builder-el-last  av-mini-hide'   itemprop=\"image\" itemscope=\"itemscope\" itemtype=\"https:\/\/schema.org\/ImageObject\" ><div class=\"avia-image-container-inner\"><div class=\"avia-image-overlay-wrap\"><img class='wp-image-745 avia-img-lazy-loading-not-745 avia_image ' src='https:\/\/cirqlarconstruct.com\/wp-content\/uploads\/2020\/09\/tuin.jpg' alt='' title='tuin'  height=\"437\" width=\"1494\"  itemprop=\"thumbnailUrl\"  \/><\/div><\/div><\/div>\n<\/div><\/div><\/div><!-- close content main div --><\/div><\/div><div id='full_slider_1'  class='avia-fullwidth-slider main_color avia-shadow av-desktop-hide av-medium-hide av-small-hide  avia-builder-el-5  el_after_av_section  el_before_av_section   slider-not-first container_wrap fullsize'  ><div  class='avia-slideshow av-kf2kaapq-8f41571f6530043021ed45f4858d5465 avia-slideshow-featured av_slideshow_full avia-slide-slider av-desktop-hide av-medium-hide av-small-hide av-slideshow-ui av-control-default av-slideshow-manual av-loop-once av-loop-manual-endless av-default-height-applied   avia-slideshow-1' data-slideshow-options=\"{&quot;animation&quot;:&quot;slide&quot;,&quot;autoplay&quot;:false,&quot;loop_autoplay&quot;:&quot;once&quot;,&quot;interval&quot;:5,&quot;loop_manual&quot;:&quot;manual-endless&quot;,&quot;autoplay_stopper&quot;:false,&quot;noNavigation&quot;:false,&quot;bg_slider&quot;:false,&quot;keep_padding&quot;:false,&quot;hoverpause&quot;:false,&quot;show_slide_delay&quot;:0}\"  itemprop=\"image\" itemscope=\"itemscope\" itemtype=\"https:\/\/schema.org\/ImageObject\" ><ul class='avia-slideshow-inner ' style='padding-bottom: 28.666666666667%;'><li  class='avia-slideshow-slide av-kf2kaapq-8f41571f6530043021ed45f4858d5465__0  av-single-slide slide-1 slide-odd'><div data-rel='slideshow-1' class='avia-slide-wrap '   ><img class=\"wp-image-857 avia-img-lazy-loading-not-857\"  src='https:\/\/cirqlarconstruct.com\/wp-content\/uploads\/2020\/09\/Biesrijk-1500x430.jpg' width='1500' height='430' title='Biesrijk' alt=''  itemprop=\"thumbnailUrl\"  style='min-height:350px; min-width:1221px; ' \/><\/div><\/li><\/ul><\/div><\/div><\/p>\n<div id='av_section_2'  class='avia-section av-mc35z-d23474f5a329c38ea977ce8673fe0c91 main_color avia-section-default avia-no-border-styling  avia-builder-el-6  el_after_av_slideshow_full  avia-builder-el-last  avia-bg-style-scroll container_wrap fullsize'  ><div class='container av-section-cont-open' ><div class='template-page content  av-content-full alpha units'><div class='post-entry post-entry-type-page post-entry-1034'><div class='entry-content-wrapper clearfix'>\n\n<style type=\"text\/css\" data-created_by=\"avia_inline_auto\" id=\"style-css-av-dt50f-77a81358bad34be10ea4fd0668b48eb0\">\n.flex_column.av-dt50f-77a81358bad34be10ea4fd0668b48eb0{\n-webkit-border-radius:0px 0px 0px 0px;\n-moz-border-radius:0px 0px 0px 0px;\nborder-radius:0px 0px 0px 0px;\npadding:0 0 0 0;\nbackground-color:#3a8f63;\n}\n<\/style>\n<div class='flex_column av-dt50f-77a81358bad34be10ea4fd0668b48eb0 av_one_full  avia-builder-el-7  avia-builder-el-no-sibling  green_bg first flex_column_div av-zero-column-padding '     ><p>\n<style type=\"text\/css\" data-created_by=\"avia_inline_auto\" id=\"style-css-av-kevaq7pp-554224963d8453426b9947a9c0c60c57\">\n#top .hr.hr-invisible.av-kevaq7pp-554224963d8453426b9947a9c0c60c57{\nheight:20px;\n}\n<\/style>\n<div  class='hr av-kevaq7pp-554224963d8453426b9947a9c0c60c57 hr-invisible  avia-builder-el-8  el_before_av_textblock  avia-builder-el-first '><span class='hr-inner '><span class=\"hr-inner-style\"><\/span><\/span><\/div><br \/>\n\n<style type=\"text\/css\" data-created_by=\"avia_inline_auto\" id=\"style-css-av-kaywkrot-2fb503152322c3ae315461a14f836334\">\n#top .av_textblock_section.av-kaywkrot-2fb503152322c3ae315461a14f836334 .avia_textblock{\nfont-size:18px;\ncolor:#ffffff;\n}\n\n@media only screen and (min-width: 768px) and (max-width: 989px){ \n#top .av_textblock_section.av-kaywkrot-2fb503152322c3ae315461a14f836334 .avia_textblock{\nfont-size:18px;\n}\n}\n\n@media only screen and (min-width: 480px) and (max-width: 767px){ \n#top .av_textblock_section.av-kaywkrot-2fb503152322c3ae315461a14f836334 .avia_textblock{\nfont-size:18px;\n}\n}\n\n@media only screen and (max-width: 479px){ \n#top .av_textblock_section.av-kaywkrot-2fb503152322c3ae315461a14f836334 .avia_textblock{\nfont-size:18px;\n}\n}\n<\/style>\n<section  class='av_textblock_section av-kaywkrot-2fb503152322c3ae315461a14f836334'  itemscope=\"itemscope\" itemtype=\"https:\/\/schema.org\/CreativeWork\" ><div class='avia_textblock li50 av_inherit_color'  itemprop=\"text\" ><p>Fr\u00fcher wie heute ist die Pflege von Holzprodukten f\u00fcr den Au\u00dfenbereich sehr zeitaufw\u00e4ndig. Besonders das gelegentliche Streichen ist keine sch\u00f6ne Arbeit. Mit den Cirqlar-Produkten, die bei Produkten f\u00fcr den Garten und den \u00f6ffentlichen Raum gemildert werden, k\u00f6nnen Sie diese Zeit tats\u00e4chlich einsparen. Cirqlar quillt nicht auf und daher kann sich die Farbe nicht abl\u00f6sen. Die Farbe wiederum sch\u00fctzt Cirqlar vor dem Ausbleichen. Wer auf Cirqlar-Produkte setzt, kann nicht nur viel Zeit, sondern aufgrund der l\u00e4ngeren Lebensdauer auch Geld sparen.<\/p>\n<\/div><\/section><br \/>\n\n<style type=\"text\/css\" data-created_by=\"avia_inline_auto\" id=\"style-css-av-kevaq7pp-554224963d8453426b9947a9c0c60c57\">\n#top .hr.hr-invisible.av-kevaq7pp-554224963d8453426b9947a9c0c60c57{\nheight:20px;\n}\n<\/style>\n<div  class='hr av-kevaq7pp-554224963d8453426b9947a9c0c60c57 hr-invisible  avia-builder-el-10  el_after_av_textblock  avia-builder-el-last '><span class='hr-inner '><span class=\"hr-inner-style\"><\/span><\/span><\/div><\/p><\/div>\n","protected":false},"excerpt":{"rendered":"","protected":false},"author":1,"featured_media":0,"parent":0,"menu_order":59,"comment_status":"closed","ping_status":"closed","template":"","meta":{"footnotes":""},"class_list":["post-1034","page","type-page","status-publish","hentry"],"yoast_head":"<!-- This site is optimized with the Yoast SEO plugin v27.5 - https:\/\/yoast.com\/product\/yoast-seo-wordpress\/ -->\n<title>Zaun und \u00f6ffentliche R\u00e4ume - Cirqlar<\/title>\n<meta name=\"description\" content=\"Fr\u00fcher wie heute ist die Pflege von Holzprodukten f\u00fcr den Au\u00dfenbereich sehr zeitaufw\u00e4ndig. Besonders das gelegentliche Streichen ist keine sch\u00f6ne Arbeit. Mit den Cirqlar-Produkten, die bei Produkten f\u00fcr den Garten und den \u00f6ffentlichen Raum gemildert werden, k\u00f6nnen Sie diese Zeit tats\u00e4chlich einsparen. Cirqlar quillt nicht auf und daher kann sich die Farbe nicht abl\u00f6sen. Die Farbe wiederum sch\u00fctzt Cirqlar vor dem Ausbleichen. Wer auf Cirqlar-Produkte setzt, kann nicht nur viel Zeit, sondern aufgrund der l\u00e4ngeren Lebensdauer auch Geld sparen.\" \/>\n<meta name=\"robots\" content=\"index, follow, max-snippet:-1, max-image-preview:large, max-video-preview:-1\" \/>\n<link rel=\"canonical\" href=\"https:\/\/cirqlarconstruct.com\/de\/zaun-und-oeffentliche-raeume\/\" \/>\n<meta property=\"og:locale\" content=\"de_DE\" \/>\n<meta property=\"og:type\" content=\"article\" \/>\n<meta property=\"og:title\" content=\"Zaun und \u00f6ffentliche R\u00e4ume - Cirqlar\" \/>\n<meta property=\"og:description\" content=\"Fr\u00fcher wie heute ist die Pflege von Holzprodukten f\u00fcr den Au\u00dfenbereich sehr zeitaufw\u00e4ndig. Besonders das gelegentliche Streichen ist keine sch\u00f6ne Arbeit. Mit den Cirqlar-Produkten, die bei Produkten f\u00fcr den Garten und den \u00f6ffentlichen Raum gemildert werden, k\u00f6nnen Sie diese Zeit tats\u00e4chlich einsparen. Cirqlar quillt nicht auf und daher kann sich die Farbe nicht abl\u00f6sen. Die Farbe wiederum sch\u00fctzt Cirqlar vor dem Ausbleichen. Wer auf Cirqlar-Produkte setzt, kann nicht nur viel Zeit, sondern aufgrund der l\u00e4ngeren Lebensdauer auch Geld sparen.\" \/>\n<meta property=\"og:url\" content=\"https:\/\/cirqlarconstruct.com\/de\/zaun-und-oeffentliche-raeume\/\" \/>\n<meta property=\"og:site_name\" content=\"Cirqlar\" \/>\n<meta property=\"article:modified_time\" content=\"2020-10-02T09:20:29+00:00\" \/>\n<meta name=\"twitter:card\" content=\"summary_large_image\" \/>\n<meta name=\"twitter:label1\" content=\"Gesch\u00e4tzte Lesezeit\" \/>\n\t<meta name=\"twitter:data1\" content=\"5\u00a0Minuten\" \/>\n<script type=\"application\/ld+json\" class=\"yoast-schema-graph\">{\"@context\":\"https:\\\/\\\/schema.org\",\"@graph\":[{\"@type\":\"WebPage\",\"@id\":\"https:\\\/\\\/cirqlarconstruct.com\\\/de\\\/zaun-und-oeffentliche-raeume\\\/\",\"url\":\"https:\\\/\\\/cirqlarconstruct.com\\\/de\\\/zaun-und-oeffentliche-raeume\\\/\",\"name\":\"Zaun und \u00f6ffentliche R\u00e4ume - Cirqlar\",\"isPartOf\":{\"@id\":\"https:\\\/\\\/cirqlarconstruct.com\\\/de\\\/#website\"},\"datePublished\":\"2020-10-02T07:55:30+00:00\",\"dateModified\":\"2020-10-02T09:20:29+00:00\",\"description\":\"Fr\u00fcher wie heute ist die Pflege von Holzprodukten f\u00fcr den Au\u00dfenbereich sehr zeitaufw\u00e4ndig. Besonders das gelegentliche Streichen ist keine sch\u00f6ne Arbeit. Mit den Cirqlar-Produkten, die bei Produkten f\u00fcr den Garten und den \u00f6ffentlichen Raum gemildert werden, k\u00f6nnen Sie diese Zeit tats\u00e4chlich einsparen. Cirqlar quillt nicht auf und daher kann sich die Farbe nicht abl\u00f6sen. Die Farbe wiederum sch\u00fctzt Cirqlar vor dem Ausbleichen. Wer auf Cirqlar-Produkte setzt, kann nicht nur viel Zeit, sondern aufgrund der l\u00e4ngeren Lebensdauer auch Geld sparen.\",\"breadcrumb\":{\"@id\":\"https:\\\/\\\/cirqlarconstruct.com\\\/de\\\/zaun-und-oeffentliche-raeume\\\/#breadcrumb\"},\"inLanguage\":\"de\",\"potentialAction\":[{\"@type\":\"ReadAction\",\"target\":[\"https:\\\/\\\/cirqlarconstruct.com\\\/de\\\/zaun-und-oeffentliche-raeume\\\/\"]}]},{\"@type\":\"BreadcrumbList\",\"@id\":\"https:\\\/\\\/cirqlarconstruct.com\\\/de\\\/zaun-und-oeffentliche-raeume\\\/#breadcrumb\",\"itemListElement\":[{\"@type\":\"ListItem\",\"position\":1,\"name\":\"Home\",\"item\":\"https:\\\/\\\/cirqlarconstruct.com\\\/de\\\/\"},{\"@type\":\"ListItem\",\"position\":2,\"name\":\"Zaun und \u00f6ffentliche R\u00e4ume\"}]},{\"@type\":\"WebSite\",\"@id\":\"https:\\\/\\\/cirqlarconstruct.com\\\/de\\\/#website\",\"url\":\"https:\\\/\\\/cirqlarconstruct.com\\\/de\\\/\",\"name\":\"Cirqlar\",\"description\":\"\",\"potentialAction\":[{\"@type\":\"SearchAction\",\"target\":{\"@type\":\"EntryPoint\",\"urlTemplate\":\"https:\\\/\\\/cirqlarconstruct.com\\\/de\\\/?s={search_term_string}\"},\"query-input\":{\"@type\":\"PropertyValueSpecification\",\"valueRequired\":true,\"valueName\":\"search_term_string\"}}],\"inLanguage\":\"de\"}]}<\/script>\n<!-- \/ Yoast SEO plugin. -->","yoast_head_json":{"title":"Zaun und \u00f6ffentliche R\u00e4ume - Cirqlar","description":"Fr\u00fcher wie heute ist die Pflege von Holzprodukten f\u00fcr den Au\u00dfenbereich sehr zeitaufw\u00e4ndig. Besonders das gelegentliche Streichen ist keine sch\u00f6ne Arbeit. Mit den Cirqlar-Produkten, die bei Produkten f\u00fcr den Garten und den \u00f6ffentlichen Raum gemildert werden, k\u00f6nnen Sie diese Zeit tats\u00e4chlich einsparen. Cirqlar quillt nicht auf und daher kann sich die Farbe nicht abl\u00f6sen. Die Farbe wiederum sch\u00fctzt Cirqlar vor dem Ausbleichen. Wer auf Cirqlar-Produkte setzt, kann nicht nur viel Zeit, sondern aufgrund der l\u00e4ngeren Lebensdauer auch Geld sparen.","robots":{"index":"index","follow":"follow","max-snippet":"max-snippet:-1","max-image-preview":"max-image-preview:large","max-video-preview":"max-video-preview:-1"},"canonical":"https:\/\/cirqlarconstruct.com\/de\/zaun-und-oeffentliche-raeume\/","og_locale":"de_DE","og_type":"article","og_title":"Zaun und \u00f6ffentliche R\u00e4ume - Cirqlar","og_description":"Fr\u00fcher wie heute ist die Pflege von Holzprodukten f\u00fcr den Au\u00dfenbereich sehr zeitaufw\u00e4ndig. Besonders das gelegentliche Streichen ist keine sch\u00f6ne Arbeit. Mit den Cirqlar-Produkten, die bei Produkten f\u00fcr den Garten und den \u00f6ffentlichen Raum gemildert werden, k\u00f6nnen Sie diese Zeit tats\u00e4chlich einsparen. Cirqlar quillt nicht auf und daher kann sich die Farbe nicht abl\u00f6sen. Die Farbe wiederum sch\u00fctzt Cirqlar vor dem Ausbleichen. Wer auf Cirqlar-Produkte setzt, kann nicht nur viel Zeit, sondern aufgrund der l\u00e4ngeren Lebensdauer auch Geld sparen.","og_url":"https:\/\/cirqlarconstruct.com\/de\/zaun-und-oeffentliche-raeume\/","og_site_name":"Cirqlar","article_modified_time":"2020-10-02T09:20:29+00:00","twitter_card":"summary_large_image","twitter_misc":{"Gesch\u00e4tzte Lesezeit":"5\u00a0Minuten"},"schema":{"@context":"https:\/\/schema.org","@graph":[{"@type":"WebPage","@id":"https:\/\/cirqlarconstruct.com\/de\/zaun-und-oeffentliche-raeume\/","url":"https:\/\/cirqlarconstruct.com\/de\/zaun-und-oeffentliche-raeume\/","name":"Zaun und \u00f6ffentliche R\u00e4ume - Cirqlar","isPartOf":{"@id":"https:\/\/cirqlarconstruct.com\/de\/#website"},"datePublished":"2020-10-02T07:55:30+00:00","dateModified":"2020-10-02T09:20:29+00:00","description":"Fr\u00fcher wie heute ist die Pflege von Holzprodukten f\u00fcr den Au\u00dfenbereich sehr zeitaufw\u00e4ndig. Besonders das gelegentliche Streichen ist keine sch\u00f6ne Arbeit. Mit den Cirqlar-Produkten, die bei Produkten f\u00fcr den Garten und den \u00f6ffentlichen Raum gemildert werden, k\u00f6nnen Sie diese Zeit tats\u00e4chlich einsparen. Cirqlar quillt nicht auf und daher kann sich die Farbe nicht abl\u00f6sen. Die Farbe wiederum sch\u00fctzt Cirqlar vor dem Ausbleichen. Wer auf Cirqlar-Produkte setzt, kann nicht nur viel Zeit, sondern aufgrund der l\u00e4ngeren Lebensdauer auch Geld sparen.","breadcrumb":{"@id":"https:\/\/cirqlarconstruct.com\/de\/zaun-und-oeffentliche-raeume\/#breadcrumb"},"inLanguage":"de","potentialAction":[{"@type":"ReadAction","target":["https:\/\/cirqlarconstruct.com\/de\/zaun-und-oeffentliche-raeume\/"]}]},{"@type":"BreadcrumbList","@id":"https:\/\/cirqlarconstruct.com\/de\/zaun-und-oeffentliche-raeume\/#breadcrumb","itemListElement":[{"@type":"ListItem","position":1,"name":"Home","item":"https:\/\/cirqlarconstruct.com\/de\/"},{"@type":"ListItem","position":2,"name":"Zaun und \u00f6ffentliche R\u00e4ume"}]},{"@type":"WebSite","@id":"https:\/\/cirqlarconstruct.com\/de\/#website","url":"https:\/\/cirqlarconstruct.com\/de\/","name":"Cirqlar","description":"","potentialAction":[{"@type":"SearchAction","target":{"@type":"EntryPoint","urlTemplate":"https:\/\/cirqlarconstruct.com\/de\/?s={search_term_string}"},"query-input":{"@type":"PropertyValueSpecification","valueRequired":true,"valueName":"search_term_string"}}],"inLanguage":"de"}]}},"_links":{"self":[{"href":"https:\/\/cirqlarconstruct.com\/de\/wp-json\/wp\/v2\/pages\/1034","targetHints":{"allow":["GET"]}}],"collection":[{"href":"https:\/\/cirqlarconstruct.com\/de\/wp-json\/wp\/v2\/pages"}],"about":[{"href":"https:\/\/cirqlarconstruct.com\/de\/wp-json\/wp\/v2\/types\/page"}],"author":[{"embeddable":true,"href":"https:\/\/cirqlarconstruct.com\/de\/wp-json\/wp\/v2\/users\/1"}],"replies":[{"embeddable":true,"href":"https:\/\/cirqlarconstruct.com\/de\/wp-json\/wp\/v2\/comments?post=1034"}],"version-history":[{"count":3,"href":"https:\/\/cirqlarconstruct.com\/de\/wp-json\/wp\/v2\/pages\/1034\/revisions"}],"predecessor-version":[{"id":1292,"href":"https:\/\/cirqlarconstruct.com\/de\/wp-json\/wp\/v2\/pages\/1034\/revisions\/1292"}],"wp:attachment":[{"href":"https:\/\/cirqlarconstruct.com\/de\/wp-json\/wp\/v2\/media?parent=1034"}],"curies":[{"name":"wp","href":"https:\/\/api.w.org\/{rel}","templated":true}]}}